{"id":29516,"date":"2025-10-20T09:56:07","date_gmt":"2025-10-20T09:56:07","guid":{"rendered":"https:\/\/ozlemozyasar.com\/?post_type=product&#038;p=29516"},"modified":"2025-10-20T09:56:09","modified_gmt":"2025-10-20T09:56:09","slug":"omuzlari-cicek-motifli-kisa-mont","status":"publish","type":"product","link":"https:\/\/ozlemozyasar.com\/en\/product\/omuzlari-cicek-motifli-kisa-mont\/","title":{"rendered":"Omuzlar\u0131 \u00c7i\u00e7ek Motifli K\u0131sa Mont"},"content":{"rendered":"","protected":false},"excerpt":{"rendered":"","protected":false},"featured_media":29512,"comment_status":"open","ping_status":"closed","template":"","meta":{"_uf_show_specific_survey":0,"_uf_disable_surveys":false},"product_brand":[],"product_cat":[284,313,15,294,269],"product_tag":[],"class_list":{"0":"post-29516","1":"product","2":"type-product","3":"status-publish","4":"has-post-thumbnail","6":"product_cat-giyim","7":"product_cat-kaban-mont-ceket","8":"product_cat-tumurunler","9":"product_cat-ust-giyim","10":"product_cat-yeni-sezon","12":"first","13":"instock","14":"taxable","15":"shipping-taxable","16":"purchasable","17":"product-type-variable"},"_links":{"self":[{"href":"https:\/\/ozlemozyasar.com\/en\/wp-json\/wp\/v2\/product\/29516","targetHints":{"allow":["GET"]}}],"collection":[{"href":"https:\/\/ozlemozyasar.com\/en\/wp-json\/wp\/v2\/product"}],"about":[{"href":"https:\/\/ozlemozyasar.com\/en\/wp-json\/wp\/v2\/types\/product"}],"replies":[{"embeddable":true,"href":"https:\/\/ozlemozyasar.com\/en\/wp-json\/wp\/v2\/comments?post=29516"}],"version-history":[{"count":1,"href":"https:\/\/ozlemozyasar.com\/en\/wp-json\/wp\/v2\/product\/29516\/revisions"}],"predecessor-version":[{"id":29518,"href":"https:\/\/ozlemozyasar.com\/en\/wp-json\/wp\/v2\/product\/29516\/revisions\/29518"}],"wp:featuredmedia":[{"embeddable":true,"href":"https:\/\/ozlemozyasar.com\/en\/wp-json\/wp\/v2\/media\/29512"}],"wp:attachment":[{"href":"https:\/\/ozlemozyasar.com\/en\/wp-json\/wp\/v2\/media?parent=29516"}],"wp:term":[{"taxonomy":"product_brand","embeddable":true,"href":"https:\/\/ozlemozyasar.com\/en\/wp-json\/wp\/v2\/product_brand?post=29516"},{"taxonomy":"product_cat","embeddable":true,"href":"https:\/\/ozlemozyasar.com\/en\/wp-json\/wp\/v2\/product_cat?post=29516"},{"taxonomy":"product_tag","embeddable":true,"href":"https:\/\/ozlemozyasar.com\/en\/wp-json\/wp\/v2\/product_tag?post=29516"}],"curies":[{"name":"wp","href":"https:\/\/api.w.org\/{rel}","templated":true}]}}