{"id":29519,"date":"2025-10-20T09:58:15","date_gmt":"2025-10-20T09:58:15","guid":{"rendered":"https:\/\/ozlemozyasar.com\/?post_type=product&#038;p=29519"},"modified":"2025-10-20T10:02:58","modified_gmt":"2025-10-20T10:02:58","slug":"omuzlari-cicek-motifli-incili-kot-cejet","status":"publish","type":"product","link":"https:\/\/ozlemozyasar.com\/en\/product\/omuzlari-cicek-motifli-incili-kot-cejet\/","title":{"rendered":"Omuzlar\u0131 \u00c7i\u00e7ek Motifli \u0130ncili Kot Ceket"},"content":{"rendered":"","protected":false},"excerpt":{"rendered":"","protected":false},"featured_media":29510,"comment_status":"open","ping_status":"closed","template":"","meta":{"_uf_show_specific_survey":0,"_uf_disable_surveys":false},"product_brand":[],"product_cat":[284,313,15,294,269],"product_tag":[],"class_list":{"0":"post-29519","1":"product","2":"type-product","3":"status-publish","4":"has-post-thumbnail","6":"product_cat-giyim","7":"product_cat-kaban-mont-ceket","8":"product_cat-tumurunler","9":"product_cat-ust-giyim","10":"product_cat-yeni-sezon","12":"first","13":"instock","14":"taxable","15":"shipping-taxable","16":"purchasable","17":"product-type-variable"},"_links":{"self":[{"href":"https:\/\/ozlemozyasar.com\/en\/wp-json\/wp\/v2\/product\/29519","targetHints":{"allow":["GET"]}}],"collection":[{"href":"https:\/\/ozlemozyasar.com\/en\/wp-json\/wp\/v2\/product"}],"about":[{"href":"https:\/\/ozlemozyasar.com\/en\/wp-json\/wp\/v2\/types\/product"}],"replies":[{"embeddable":true,"href":"https:\/\/ozlemozyasar.com\/en\/wp-json\/wp\/v2\/comments?post=29519"}],"version-history":[{"count":3,"href":"https:\/\/ozlemozyasar.com\/en\/wp-json\/wp\/v2\/product\/29519\/revisions"}],"predecessor-version":[{"id":29523,"href":"https:\/\/ozlemozyasar.com\/en\/wp-json\/wp\/v2\/product\/29519\/revisions\/29523"}],"wp:featuredmedia":[{"embeddable":true,"href":"https:\/\/ozlemozyasar.com\/en\/wp-json\/wp\/v2\/media\/29510"}],"wp:attachment":[{"href":"https:\/\/ozlemozyasar.com\/en\/wp-json\/wp\/v2\/media?parent=29519"}],"wp:term":[{"taxonomy":"product_brand","embeddable":true,"href":"https:\/\/ozlemozyasar.com\/en\/wp-json\/wp\/v2\/product_brand?post=29519"},{"taxonomy":"product_cat","embeddable":true,"href":"https:\/\/ozlemozyasar.com\/en\/wp-json\/wp\/v2\/product_cat?post=29519"},{"taxonomy":"product_tag","embeddable":true,"href":"https:\/\/ozlemozyasar.com\/en\/wp-json\/wp\/v2\/product_tag?post=29519"}],"curies":[{"name":"wp","href":"https:\/\/api.w.org\/{rel}","templated":true}]}}