{"id":29735,"date":"2025-11-22T10:25:54","date_gmt":"2025-11-22T10:25:54","guid":{"rendered":"https:\/\/ozlemozyasar.com\/?post_type=product&#038;p=29735"},"modified":"2025-11-22T10:25:55","modified_gmt":"2025-11-22T10:25:55","slug":"tas-islemeli-motifli-hardal-ceket","status":"publish","type":"product","link":"https:\/\/ozlemozyasar.com\/en\/product\/tas-islemeli-motifli-hardal-ceket\/","title":{"rendered":"Ta\u015f \u0130\u015flemeli Motifli Hardal Ceket"},"content":{"rendered":"","protected":false},"excerpt":{"rendered":"","protected":false},"featured_media":29740,"comment_status":"open","ping_status":"closed","template":"","meta":{"_uf_show_specific_survey":0,"_uf_disable_surveys":false},"product_brand":[],"product_cat":[284,313,15,294,269],"product_tag":[],"class_list":{"0":"post-29735","1":"product","2":"type-product","3":"status-publish","4":"has-post-thumbnail","6":"product_cat-giyim","7":"product_cat-kaban-mont-ceket","8":"product_cat-tumurunler","9":"product_cat-ust-giyim","10":"product_cat-yeni-sezon","12":"first","13":"instock","14":"taxable","15":"shipping-taxable","16":"purchasable","17":"product-type-variable"},"_links":{"self":[{"href":"https:\/\/ozlemozyasar.com\/en\/wp-json\/wp\/v2\/product\/29735","targetHints":{"allow":["GET"]}}],"collection":[{"href":"https:\/\/ozlemozyasar.com\/en\/wp-json\/wp\/v2\/product"}],"about":[{"href":"https:\/\/ozlemozyasar.com\/en\/wp-json\/wp\/v2\/types\/product"}],"replies":[{"embeddable":true,"href":"https:\/\/ozlemozyasar.com\/en\/wp-json\/wp\/v2\/comments?post=29735"}],"version-history":[{"count":1,"href":"https:\/\/ozlemozyasar.com\/en\/wp-json\/wp\/v2\/product\/29735\/revisions"}],"predecessor-version":[{"id":29741,"href":"https:\/\/ozlemozyasar.com\/en\/wp-json\/wp\/v2\/product\/29735\/revisions\/29741"}],"wp:featuredmedia":[{"embeddable":true,"href":"https:\/\/ozlemozyasar.com\/en\/wp-json\/wp\/v2\/media\/29740"}],"wp:attachment":[{"href":"https:\/\/ozlemozyasar.com\/en\/wp-json\/wp\/v2\/media?parent=29735"}],"wp:term":[{"taxonomy":"product_brand","embeddable":true,"href":"https:\/\/ozlemozyasar.com\/en\/wp-json\/wp\/v2\/product_brand?post=29735"},{"taxonomy":"product_cat","embeddable":true,"href":"https:\/\/ozlemozyasar.com\/en\/wp-json\/wp\/v2\/product_cat?post=29735"},{"taxonomy":"product_tag","embeddable":true,"href":"https:\/\/ozlemozyasar.com\/en\/wp-json\/wp\/v2\/product_tag?post=29735"}],"curies":[{"name":"wp","href":"https:\/\/api.w.org\/{rel}","templated":true}]}}