{"id":29872,"date":"2025-11-29T12:08:25","date_gmt":"2025-11-29T12:08:25","guid":{"rendered":"https:\/\/ozlemozyasar.com\/?post_type=product&#038;p=29872"},"modified":"2025-12-02T09:58:36","modified_gmt":"2025-12-02T09:58:36","slug":"cizgili-renkli-belden-baglamali-triko-elbise","status":"publish","type":"product","link":"https:\/\/ozlemozyasar.com\/en\/product\/cizgili-renkli-belden-baglamali-triko-elbise\/","title":{"rendered":"\u00c7izgili Renkli Belden Ba\u011flamal\u0131 Triko Elbise"},"content":{"rendered":"","protected":false},"excerpt":{"rendered":"","protected":false},"featured_media":29874,"comment_status":"open","ping_status":"closed","template":"","meta":{"_uf_show_specific_survey":0,"_uf_disable_surveys":false},"product_brand":[],"product_cat":[284,288,311,310,15,269],"product_tag":[],"class_list":{"0":"post-29872","1":"product","2":"type-product","3":"status-publish","4":"has-post-thumbnail","6":"product_cat-giyim","7":"product_cat-elbise","8":"product_cat-gunluk-elbise-elbise","9":"product_cat-ozel-gun-davet","10":"product_cat-tumurunler","11":"product_cat-yeni-sezon","13":"first","14":"instock","15":"taxable","16":"shipping-taxable","17":"purchasable","18":"product-type-variable"},"_links":{"self":[{"href":"https:\/\/ozlemozyasar.com\/en\/wp-json\/wp\/v2\/product\/29872","targetHints":{"allow":["GET"]}}],"collection":[{"href":"https:\/\/ozlemozyasar.com\/en\/wp-json\/wp\/v2\/product"}],"about":[{"href":"https:\/\/ozlemozyasar.com\/en\/wp-json\/wp\/v2\/types\/product"}],"replies":[{"embeddable":true,"href":"https:\/\/ozlemozyasar.com\/en\/wp-json\/wp\/v2\/comments?post=29872"}],"version-history":[{"count":1,"href":"https:\/\/ozlemozyasar.com\/en\/wp-json\/wp\/v2\/product\/29872\/revisions"}],"predecessor-version":[{"id":29875,"href":"https:\/\/ozlemozyasar.com\/en\/wp-json\/wp\/v2\/product\/29872\/revisions\/29875"}],"wp:featuredmedia":[{"embeddable":true,"href":"https:\/\/ozlemozyasar.com\/en\/wp-json\/wp\/v2\/media\/29874"}],"wp:attachment":[{"href":"https:\/\/ozlemozyasar.com\/en\/wp-json\/wp\/v2\/media?parent=29872"}],"wp:term":[{"taxonomy":"product_brand","embeddable":true,"href":"https:\/\/ozlemozyasar.com\/en\/wp-json\/wp\/v2\/product_brand?post=29872"},{"taxonomy":"product_cat","embeddable":true,"href":"https:\/\/ozlemozyasar.com\/en\/wp-json\/wp\/v2\/product_cat?post=29872"},{"taxonomy":"product_tag","embeddable":true,"href":"https:\/\/ozlemozyasar.com\/en\/wp-json\/wp\/v2\/product_tag?post=29872"}],"curies":[{"name":"wp","href":"https:\/\/api.w.org\/{rel}","templated":true}]}}