{"id":29876,"date":"2025-11-29T12:18:59","date_gmt":"2025-11-29T12:18:59","guid":{"rendered":"https:\/\/ozlemozyasar.com\/?post_type=product&#038;p=29876"},"modified":"2025-11-29T12:19:00","modified_gmt":"2025-11-29T12:19:00","slug":"onu-kurdelali-parlak-tuvit-kisa-elbise","status":"publish","type":"product","link":"https:\/\/ozlemozyasar.com\/en\/product\/onu-kurdelali-parlak-tuvit-kisa-elbise\/","title":{"rendered":"\u00d6n\u00fc Kurdelal\u0131 Parlak T\u00fcvit K\u0131sa Elbise"},"content":{"rendered":"","protected":false},"excerpt":{"rendered":"","protected":false},"featured_media":29878,"comment_status":"open","ping_status":"closed","template":"","meta":{"_uf_show_specific_survey":0,"_uf_disable_surveys":false},"product_brand":[],"product_cat":[284,288,310,15,269],"product_tag":[],"class_list":{"0":"post-29876","1":"product","2":"type-product","3":"status-publish","4":"has-post-thumbnail","6":"product_cat-giyim","7":"product_cat-elbise","8":"product_cat-ozel-gun-davet","9":"product_cat-tumurunler","10":"product_cat-yeni-sezon","12":"first","13":"instock","14":"taxable","15":"shipping-taxable","16":"purchasable","17":"product-type-variable"},"_links":{"self":[{"href":"https:\/\/ozlemozyasar.com\/en\/wp-json\/wp\/v2\/product\/29876","targetHints":{"allow":["GET"]}}],"collection":[{"href":"https:\/\/ozlemozyasar.com\/en\/wp-json\/wp\/v2\/product"}],"about":[{"href":"https:\/\/ozlemozyasar.com\/en\/wp-json\/wp\/v2\/types\/product"}],"replies":[{"embeddable":true,"href":"https:\/\/ozlemozyasar.com\/en\/wp-json\/wp\/v2\/comments?post=29876"}],"version-history":[{"count":1,"href":"https:\/\/ozlemozyasar.com\/en\/wp-json\/wp\/v2\/product\/29876\/revisions"}],"predecessor-version":[{"id":29883,"href":"https:\/\/ozlemozyasar.com\/en\/wp-json\/wp\/v2\/product\/29876\/revisions\/29883"}],"wp:featuredmedia":[{"embeddable":true,"href":"https:\/\/ozlemozyasar.com\/en\/wp-json\/wp\/v2\/media\/29878"}],"wp:attachment":[{"href":"https:\/\/ozlemozyasar.com\/en\/wp-json\/wp\/v2\/media?parent=29876"}],"wp:term":[{"taxonomy":"product_brand","embeddable":true,"href":"https:\/\/ozlemozyasar.com\/en\/wp-json\/wp\/v2\/product_brand?post=29876"},{"taxonomy":"product_cat","embeddable":true,"href":"https:\/\/ozlemozyasar.com\/en\/wp-json\/wp\/v2\/product_cat?post=29876"},{"taxonomy":"product_tag","embeddable":true,"href":"https:\/\/ozlemozyasar.com\/en\/wp-json\/wp\/v2\/product_tag?post=29876"}],"curies":[{"name":"wp","href":"https:\/\/api.w.org\/{rel}","templated":true}]}}