{"id":30119,"date":"2025-12-23T10:21:56","date_gmt":"2025-12-23T10:21:56","guid":{"rendered":"https:\/\/ozlemozyasar.com\/?post_type=product&#038;p=30119"},"modified":"2025-12-23T10:21:58","modified_gmt":"2025-12-23T10:21:58","slug":"puskullu-ikili-elbise","status":"publish","type":"product","link":"https:\/\/ozlemozyasar.com\/en\/product\/puskullu-ikili-elbise\/","title":{"rendered":"P\u00fcsk\u00fcll\u00fc \u0130kili Elbise"},"content":{"rendered":"","protected":false},"excerpt":{"rendered":"","protected":false},"featured_media":30107,"comment_status":"open","ping_status":"closed","template":"","meta":{"_uf_show_specific_survey":0,"_uf_disable_surveys":false},"product_brand":[],"product_cat":[284,288,311,411,15],"product_tag":[],"class_list":{"0":"post-30119","1":"product","2":"type-product","3":"status-publish","4":"has-post-thumbnail","6":"product_cat-giyim","7":"product_cat-elbise","8":"product_cat-gunluk-elbise-elbise","9":"product_cat-newyou","10":"product_cat-tumurunler","12":"first","13":"instock","14":"taxable","15":"shipping-taxable","16":"purchasable","17":"product-type-variable"},"_links":{"self":[{"href":"https:\/\/ozlemozyasar.com\/en\/wp-json\/wp\/v2\/product\/30119","targetHints":{"allow":["GET"]}}],"collection":[{"href":"https:\/\/ozlemozyasar.com\/en\/wp-json\/wp\/v2\/product"}],"about":[{"href":"https:\/\/ozlemozyasar.com\/en\/wp-json\/wp\/v2\/types\/product"}],"replies":[{"embeddable":true,"href":"https:\/\/ozlemozyasar.com\/en\/wp-json\/wp\/v2\/comments?post=30119"}],"version-history":[{"count":1,"href":"https:\/\/ozlemozyasar.com\/en\/wp-json\/wp\/v2\/product\/30119\/revisions"}],"predecessor-version":[{"id":30121,"href":"https:\/\/ozlemozyasar.com\/en\/wp-json\/wp\/v2\/product\/30119\/revisions\/30121"}],"wp:featuredmedia":[{"embeddable":true,"href":"https:\/\/ozlemozyasar.com\/en\/wp-json\/wp\/v2\/media\/30107"}],"wp:attachment":[{"href":"https:\/\/ozlemozyasar.com\/en\/wp-json\/wp\/v2\/media?parent=30119"}],"wp:term":[{"taxonomy":"product_brand","embeddable":true,"href":"https:\/\/ozlemozyasar.com\/en\/wp-json\/wp\/v2\/product_brand?post=30119"},{"taxonomy":"product_cat","embeddable":true,"href":"https:\/\/ozlemozyasar.com\/en\/wp-json\/wp\/v2\/product_cat?post=30119"},{"taxonomy":"product_tag","embeddable":true,"href":"https:\/\/ozlemozyasar.com\/en\/wp-json\/wp\/v2\/product_tag?post=30119"}],"curies":[{"name":"wp","href":"https:\/\/api.w.org\/{rel}","templated":true}]}}