{"id":30166,"date":"2025-12-29T13:18:17","date_gmt":"2025-12-29T13:18:17","guid":{"rendered":"https:\/\/ozlemozyasar.com\/?post_type=product&#038;p=30166"},"modified":"2025-12-29T13:19:16","modified_gmt":"2025-12-29T13:19:16","slug":"renkli-sacakli-ikili-takim","status":"publish","type":"product","link":"https:\/\/ozlemozyasar.com\/en\/product\/renkli-sacakli-ikili-takim\/","title":{"rendered":"Renkli Sa\u00e7akl\u0131 \u0130kili Tak\u0131m"},"content":{"rendered":"","protected":false},"excerpt":{"rendered":"","protected":false},"featured_media":30168,"comment_status":"open","ping_status":"closed","template":"","meta":{"_uf_show_specific_survey":0,"_uf_disable_surveys":false},"product_brand":[],"product_cat":[284,363,299,411,15],"product_tag":[],"class_list":{"0":"post-30166","1":"product","2":"type-product","3":"status-publish","4":"has-post-thumbnail","6":"product_cat-giyim","7":"product_cat-ikili-takim-giyim","8":"product_cat-ikili-takim","9":"product_cat-newyou","10":"product_cat-tumurunler","12":"first","13":"instock","14":"taxable","15":"shipping-taxable","16":"purchasable","17":"product-type-variable"},"_links":{"self":[{"href":"https:\/\/ozlemozyasar.com\/en\/wp-json\/wp\/v2\/product\/30166","targetHints":{"allow":["GET"]}}],"collection":[{"href":"https:\/\/ozlemozyasar.com\/en\/wp-json\/wp\/v2\/product"}],"about":[{"href":"https:\/\/ozlemozyasar.com\/en\/wp-json\/wp\/v2\/types\/product"}],"replies":[{"embeddable":true,"href":"https:\/\/ozlemozyasar.com\/en\/wp-json\/wp\/v2\/comments?post=30166"}],"version-history":[{"count":1,"href":"https:\/\/ozlemozyasar.com\/en\/wp-json\/wp\/v2\/product\/30166\/revisions"}],"predecessor-version":[{"id":30170,"href":"https:\/\/ozlemozyasar.com\/en\/wp-json\/wp\/v2\/product\/30166\/revisions\/30170"}],"wp:featuredmedia":[{"embeddable":true,"href":"https:\/\/ozlemozyasar.com\/en\/wp-json\/wp\/v2\/media\/30168"}],"wp:attachment":[{"href":"https:\/\/ozlemozyasar.com\/en\/wp-json\/wp\/v2\/media?parent=30166"}],"wp:term":[{"taxonomy":"product_brand","embeddable":true,"href":"https:\/\/ozlemozyasar.com\/en\/wp-json\/wp\/v2\/product_brand?post=30166"},{"taxonomy":"product_cat","embeddable":true,"href":"https:\/\/ozlemozyasar.com\/en\/wp-json\/wp\/v2\/product_cat?post=30166"},{"taxonomy":"product_tag","embeddable":true,"href":"https:\/\/ozlemozyasar.com\/en\/wp-json\/wp\/v2\/product_tag?post=30166"}],"curies":[{"name":"wp","href":"https:\/\/api.w.org\/{rel}","templated":true}]}}