{"id":30485,"date":"2026-02-25T07:46:24","date_gmt":"2026-02-25T07:46:24","guid":{"rendered":"https:\/\/ozlemozyasar.com\/?post_type=product&#038;p=30485"},"modified":"2026-02-26T05:44:08","modified_gmt":"2026-02-26T05:44:08","slug":"puskul-detayli-ceket","status":"publish","type":"product","link":"https:\/\/ozlemozyasar.com\/en\/product\/puskul-detayli-ceket\/","title":{"rendered":"P\u00fcsk\u00fcl Detayl\u0131 Ceket"},"content":{"rendered":"","protected":false},"excerpt":{"rendered":"","protected":false},"featured_media":30487,"comment_status":"open","ping_status":"closed","template":"","meta":{"_uf_show_specific_survey":0,"_uf_disable_surveys":false},"product_brand":[],"product_cat":[284,313,15,294],"product_tag":[],"class_list":{"0":"post-30485","1":"product","2":"type-product","3":"status-publish","4":"has-post-thumbnail","6":"product_cat-giyim","7":"product_cat-kaban-mont-ceket","8":"product_cat-tumurunler","9":"product_cat-ust-giyim","11":"first","12":"instock","13":"taxable","14":"shipping-taxable","15":"purchasable","16":"product-type-variable"},"_links":{"self":[{"href":"https:\/\/ozlemozyasar.com\/en\/wp-json\/wp\/v2\/product\/30485","targetHints":{"allow":["GET"]}}],"collection":[{"href":"https:\/\/ozlemozyasar.com\/en\/wp-json\/wp\/v2\/product"}],"about":[{"href":"https:\/\/ozlemozyasar.com\/en\/wp-json\/wp\/v2\/types\/product"}],"replies":[{"embeddable":true,"href":"https:\/\/ozlemozyasar.com\/en\/wp-json\/wp\/v2\/comments?post=30485"}],"version-history":[{"count":1,"href":"https:\/\/ozlemozyasar.com\/en\/wp-json\/wp\/v2\/product\/30485\/revisions"}],"predecessor-version":[{"id":30488,"href":"https:\/\/ozlemozyasar.com\/en\/wp-json\/wp\/v2\/product\/30485\/revisions\/30488"}],"wp:featuredmedia":[{"embeddable":true,"href":"https:\/\/ozlemozyasar.com\/en\/wp-json\/wp\/v2\/media\/30487"}],"wp:attachment":[{"href":"https:\/\/ozlemozyasar.com\/en\/wp-json\/wp\/v2\/media?parent=30485"}],"wp:term":[{"taxonomy":"product_brand","embeddable":true,"href":"https:\/\/ozlemozyasar.com\/en\/wp-json\/wp\/v2\/product_brand?post=30485"},{"taxonomy":"product_cat","embeddable":true,"href":"https:\/\/ozlemozyasar.com\/en\/wp-json\/wp\/v2\/product_cat?post=30485"},{"taxonomy":"product_tag","embeddable":true,"href":"https:\/\/ozlemozyasar.com\/en\/wp-json\/wp\/v2\/product_tag?post=30485"}],"curies":[{"name":"wp","href":"https:\/\/api.w.org\/{rel}","templated":true}]}}