{"id":30557,"date":"2026-03-16T13:42:46","date_gmt":"2026-03-16T13:42:46","guid":{"rendered":"https:\/\/ozlemozyasar.com\/?post_type=product&#038;p=30557"},"modified":"2026-03-16T14:07:46","modified_gmt":"2026-03-16T14:07:46","slug":"lacivert-tasli-takim","status":"publish","type":"product","link":"https:\/\/ozlemozyasar.com\/en\/product\/lacivert-tasli-takim\/","title":{"rendered":"Lacivert Ta\u015fl\u0131 Tak\u0131m"},"content":{"rendered":"","protected":false},"excerpt":{"rendered":"","protected":false},"featured_media":0,"comment_status":"open","ping_status":"closed","template":"","meta":{"_uf_show_specific_survey":0,"_uf_disable_surveys":false},"product_brand":[],"product_cat":[284,363,15],"product_tag":[],"class_list":{"0":"post-30557","1":"product","2":"type-product","3":"status-publish","5":"product_cat-giyim","6":"product_cat-ikili-takim-giyim","7":"product_cat-tumurunler","9":"first","10":"instock","11":"taxable","12":"shipping-taxable","13":"purchasable","14":"product-type-variable"},"_links":{"self":[{"href":"https:\/\/ozlemozyasar.com\/en\/wp-json\/wp\/v2\/product\/30557","targetHints":{"allow":["GET"]}}],"collection":[{"href":"https:\/\/ozlemozyasar.com\/en\/wp-json\/wp\/v2\/product"}],"about":[{"href":"https:\/\/ozlemozyasar.com\/en\/wp-json\/wp\/v2\/types\/product"}],"replies":[{"embeddable":true,"href":"https:\/\/ozlemozyasar.com\/en\/wp-json\/wp\/v2\/comments?post=30557"}],"version-history":[{"count":1,"href":"https:\/\/ozlemozyasar.com\/en\/wp-json\/wp\/v2\/product\/30557\/revisions"}],"predecessor-version":[{"id":30558,"href":"https:\/\/ozlemozyasar.com\/en\/wp-json\/wp\/v2\/product\/30557\/revisions\/30558"}],"wp:attachment":[{"href":"https:\/\/ozlemozyasar.com\/en\/wp-json\/wp\/v2\/media?parent=30557"}],"wp:term":[{"taxonomy":"product_brand","embeddable":true,"href":"https:\/\/ozlemozyasar.com\/en\/wp-json\/wp\/v2\/product_brand?post=30557"},{"taxonomy":"product_cat","embeddable":true,"href":"https:\/\/ozlemozyasar.com\/en\/wp-json\/wp\/v2\/product_cat?post=30557"},{"taxonomy":"product_tag","embeddable":true,"href":"https:\/\/ozlemozyasar.com\/en\/wp-json\/wp\/v2\/product_tag?post=30557"}],"curies":[{"name":"wp","href":"https:\/\/api.w.org\/{rel}","templated":true}]}}