{"id":30595,"date":"2026-03-24T14:20:39","date_gmt":"2026-03-24T14:20:39","guid":{"rendered":"https:\/\/ozlemozyasar.com\/?post_type=product&#038;p=30595"},"modified":"2026-03-24T14:20:41","modified_gmt":"2026-03-24T14:20:41","slug":"tasli-ikili-kot-takim","status":"publish","type":"product","link":"https:\/\/ozlemozyasar.com\/en\/product\/tasli-ikili-kot-takim\/","title":{"rendered":"Ta\u015fl\u0131 \u0130kili Kot Tak\u0131m"},"content":{"rendered":"","protected":false},"excerpt":{"rendered":"","protected":false},"featured_media":0,"comment_status":"open","ping_status":"closed","template":"","meta":{"_uf_show_specific_survey":0,"_uf_disable_surveys":false},"product_brand":[],"product_cat":[284,299,15],"product_tag":[],"class_list":{"0":"post-30595","1":"product","2":"type-product","3":"status-publish","5":"product_cat-giyim","6":"product_cat-ikili-takim","7":"product_cat-tumurunler","9":"first","10":"instock","11":"taxable","12":"shipping-taxable","13":"purchasable","14":"product-type-simple"},"_links":{"self":[{"href":"https:\/\/ozlemozyasar.com\/en\/wp-json\/wp\/v2\/product\/30595","targetHints":{"allow":["GET"]}}],"collection":[{"href":"https:\/\/ozlemozyasar.com\/en\/wp-json\/wp\/v2\/product"}],"about":[{"href":"https:\/\/ozlemozyasar.com\/en\/wp-json\/wp\/v2\/types\/product"}],"replies":[{"embeddable":true,"href":"https:\/\/ozlemozyasar.com\/en\/wp-json\/wp\/v2\/comments?post=30595"}],"version-history":[{"count":1,"href":"https:\/\/ozlemozyasar.com\/en\/wp-json\/wp\/v2\/product\/30595\/revisions"}],"predecessor-version":[{"id":30596,"href":"https:\/\/ozlemozyasar.com\/en\/wp-json\/wp\/v2\/product\/30595\/revisions\/30596"}],"wp:attachment":[{"href":"https:\/\/ozlemozyasar.com\/en\/wp-json\/wp\/v2\/media?parent=30595"}],"wp:term":[{"taxonomy":"product_brand","embeddable":true,"href":"https:\/\/ozlemozyasar.com\/en\/wp-json\/wp\/v2\/product_brand?post=30595"},{"taxonomy":"product_cat","embeddable":true,"href":"https:\/\/ozlemozyasar.com\/en\/wp-json\/wp\/v2\/product_cat?post=30595"},{"taxonomy":"product_tag","embeddable":true,"href":"https:\/\/ozlemozyasar.com\/en\/wp-json\/wp\/v2\/product_tag?post=30595"}],"curies":[{"name":"wp","href":"https:\/\/api.w.org\/{rel}","templated":true}]}}