{"id":30603,"date":"2026-03-28T15:12:07","date_gmt":"2026-03-28T15:12:07","guid":{"rendered":"https:\/\/ozlemozyasar.com\/?post_type=product&#038;p=30603"},"modified":"2026-03-28T15:12:08","modified_gmt":"2026-03-28T15:12:08","slug":"coklu-urun-linki","status":"publish","type":"product","link":"https:\/\/ozlemozyasar.com\/en\/product\/coklu-urun-linki\/","title":{"rendered":"\u00c7oklu \u00dcr\u00fcn Linki"},"content":{"rendered":"","protected":false},"excerpt":{"rendered":"","protected":false},"featured_media":0,"comment_status":"open","ping_status":"closed","template":"","meta":{"_uf_show_specific_survey":0,"_uf_disable_surveys":false},"product_brand":[],"product_cat":[284,363,15],"product_tag":[],"class_list":{"0":"post-30603","1":"product","2":"type-product","3":"status-publish","5":"product_cat-giyim","6":"product_cat-ikili-takim-giyim","7":"product_cat-tumurunler","9":"first","10":"instock","11":"taxable","12":"shipping-taxable","13":"purchasable","14":"product-type-simple"},"_links":{"self":[{"href":"https:\/\/ozlemozyasar.com\/en\/wp-json\/wp\/v2\/product\/30603","targetHints":{"allow":["GET"]}}],"collection":[{"href":"https:\/\/ozlemozyasar.com\/en\/wp-json\/wp\/v2\/product"}],"about":[{"href":"https:\/\/ozlemozyasar.com\/en\/wp-json\/wp\/v2\/types\/product"}],"replies":[{"embeddable":true,"href":"https:\/\/ozlemozyasar.com\/en\/wp-json\/wp\/v2\/comments?post=30603"}],"version-history":[{"count":1,"href":"https:\/\/ozlemozyasar.com\/en\/wp-json\/wp\/v2\/product\/30603\/revisions"}],"predecessor-version":[{"id":30604,"href":"https:\/\/ozlemozyasar.com\/en\/wp-json\/wp\/v2\/product\/30603\/revisions\/30604"}],"wp:attachment":[{"href":"https:\/\/ozlemozyasar.com\/en\/wp-json\/wp\/v2\/media?parent=30603"}],"wp:term":[{"taxonomy":"product_brand","embeddable":true,"href":"https:\/\/ozlemozyasar.com\/en\/wp-json\/wp\/v2\/product_brand?post=30603"},{"taxonomy":"product_cat","embeddable":true,"href":"https:\/\/ozlemozyasar.com\/en\/wp-json\/wp\/v2\/product_cat?post=30603"},{"taxonomy":"product_tag","embeddable":true,"href":"https:\/\/ozlemozyasar.com\/en\/wp-json\/wp\/v2\/product_tag?post=30603"}],"curies":[{"name":"wp","href":"https:\/\/api.w.org\/{rel}","templated":true}]}}